{"id":94,"date":"2013-06-26T09:47:12","date_gmt":"2013-06-26T09:47:12","guid":{"rendered":"http:\/\/www.guidepompei.com\/fr\/?page_id=94"},"modified":"2013-09-18T12:44:30","modified_gmt":"2013-09-18T12:44:30","slug":"amalfi","status":"publish","type":"page","link":"https:\/\/www.guidepompei.com\/fr\/sites\/amalfi\/","title":{"rendered":"Amalfi"},"content":{"rendered":"","protected":false},"excerpt":{"rendered":"<p>Guide Pompei vous emm\u00e8ne \u00e0 la d\u00e9couverte d\u2019Amalfi, perle de la C\u00f4te Amalfitaine, avec ses paysages \u00e9poustouflants.<\/p>\n","protected":false},"author":1,"featured_media":0,"parent":74,"menu_order":0,"comment_status":"closed","ping_status":"closed","template":"","meta":{"_acf_changed":false,"_aioseo_title":"Visiter Amalfi","_aioseo_description":"Guide Pompei vous emm\u00e8ne \u00e0 la d\u00e9couverte d\u2019Amalfi, perle de la C\u00f4te Amalfitaine, avec ses paysages \u00e9poustouflants.","footnotes":""},"class_list":["post-94","page","type-page","status-publish"],"acf":[],"_links":{"self":[{"href":"https:\/\/www.guidepompei.com\/fr\/wp-json\/wp\/v2\/pages\/94","targetHints":{"allow":["GET"]}}],"collection":[{"href":"https:\/\/www.guidepompei.com\/fr\/wp-json\/wp\/v2\/pages"}],"about":[{"href":"https:\/\/www.guidepompei.com\/fr\/wp-json\/wp\/v2\/types\/page"}],"author":[{"embeddable":true,"href":"https:\/\/www.guidepompei.com\/fr\/wp-json\/wp\/v2\/users\/1"}],"replies":[{"embeddable":true,"href":"https:\/\/www.guidepompei.com\/fr\/wp-json\/wp\/v2\/comments?post=94"}],"version-history":[{"count":1,"href":"https:\/\/www.guidepompei.com\/fr\/wp-json\/wp\/v2\/pages\/94\/revisions"}],"predecessor-version":[{"id":285,"href":"https:\/\/www.guidepompei.com\/fr\/wp-json\/wp\/v2\/pages\/94\/revisions\/285"}],"up":[{"embeddable":true,"href":"https:\/\/www.guidepompei.com\/fr\/wp-json\/wp\/v2\/pages\/74"}],"wp:attachment":[{"href":"https:\/\/www.guidepompei.com\/fr\/wp-json\/wp\/v2\/media?parent=94"}],"curies":[{"name":"wp","href":"https:\/\/api.w.org\/{rel}","templated":true}]}}