{"id":91,"date":"2013-06-26T09:44:31","date_gmt":"2013-06-26T09:44:31","guid":{"rendered":"http:\/\/www.guidepompei.com\/fr\/?page_id=91"},"modified":"2013-09-18T12:44:30","modified_gmt":"2013-09-18T12:44:30","slug":"pompei-la-ville","status":"publish","type":"page","link":"https:\/\/www.guidepompei.com\/fr\/sites\/pompei-la-ville\/","title":{"rendered":"Pomp\u00e9i (La Ville)"},"content":{"rendered":"","protected":false},"excerpt":{"rendered":"<p>La ville moderne de Pomp\u00e9i, en dehors des fouilles, est renomm\u00e9e pour son sanctuaire et lieu de p\u00e8lerinage de nombreux fid\u00e8les.<\/p>\n","protected":false},"author":1,"featured_media":0,"parent":74,"menu_order":0,"comment_status":"closed","ping_status":"closed","template":"","meta":{"_acf_changed":false,"_aioseo_title":"Visiter Pomp\u00e9i","_aioseo_description":"La ville moderne de Pomp\u00e9i, en dehors des fouilles, est renomm\u00e9e pour son sanctuaire et lieu de p\u00e8lerinage de nombreux fid\u00e8les.","footnotes":""},"class_list":["post-91","page","type-page","status-publish"],"acf":[],"_links":{"self":[{"href":"https:\/\/www.guidepompei.com\/fr\/wp-json\/wp\/v2\/pages\/91","targetHints":{"allow":["GET"]}}],"collection":[{"href":"https:\/\/www.guidepompei.com\/fr\/wp-json\/wp\/v2\/pages"}],"about":[{"href":"https:\/\/www.guidepompei.com\/fr\/wp-json\/wp\/v2\/types\/page"}],"author":[{"embeddable":true,"href":"https:\/\/www.guidepompei.com\/fr\/wp-json\/wp\/v2\/users\/1"}],"replies":[{"embeddable":true,"href":"https:\/\/www.guidepompei.com\/fr\/wp-json\/wp\/v2\/comments?post=91"}],"version-history":[{"count":2,"href":"https:\/\/www.guidepompei.com\/fr\/wp-json\/wp\/v2\/pages\/91\/revisions"}],"predecessor-version":[{"id":250,"href":"https:\/\/www.guidepompei.com\/fr\/wp-json\/wp\/v2\/pages\/91\/revisions\/250"}],"up":[{"embeddable":true,"href":"https:\/\/www.guidepompei.com\/fr\/wp-json\/wp\/v2\/pages\/74"}],"wp:attachment":[{"href":"https:\/\/www.guidepompei.com\/fr\/wp-json\/wp\/v2\/media?parent=91"}],"curies":[{"name":"wp","href":"https:\/\/api.w.org\/{rel}","templated":true}]}}