{"id":84,"date":"2013-06-26T09:37:44","date_gmt":"2013-06-26T09:37:44","guid":{"rendered":"http:\/\/www.guidepompei.com\/fr\/?page_id=84"},"modified":"2013-09-18T12:44:30","modified_gmt":"2013-09-18T12:44:30","slug":"naples","status":"publish","type":"page","link":"https:\/\/www.guidepompei.com\/fr\/sites\/naples\/","title":{"rendered":"Naples"},"content":{"rendered":"","protected":false},"excerpt":{"rendered":"<p>Art, Histoire, culture et traditions gastronomiques ont rendu fameuse Naples dans le monde. D\u00e9couvrez ce qu\u2019il y a \u00e0 voir en ville gr\u00e2ce \u00e0 Guide Pompei.<\/p>\n","protected":false},"author":1,"featured_media":0,"parent":74,"menu_order":0,"comment_status":"closed","ping_status":"closed","template":"","meta":{"_acf_changed":false,"_aioseo_title":"Visiter Naples","_aioseo_description":"Art, Histoire, culture et traditions gastronomiques ont rendu fameuse Naples dans le monde. D\u00e9couvrez ce qu\u2019il y a \u00e0 voir en ville gr\u00e2ce \u00e0 Guide Pompei.","footnotes":""},"class_list":["post-84","page","type-page","status-publish"],"acf":[],"_links":{"self":[{"href":"https:\/\/www.guidepompei.com\/fr\/wp-json\/wp\/v2\/pages\/84","targetHints":{"allow":["GET"]}}],"collection":[{"href":"https:\/\/www.guidepompei.com\/fr\/wp-json\/wp\/v2\/pages"}],"about":[{"href":"https:\/\/www.guidepompei.com\/fr\/wp-json\/wp\/v2\/types\/page"}],"author":[{"embeddable":true,"href":"https:\/\/www.guidepompei.com\/fr\/wp-json\/wp\/v2\/users\/1"}],"replies":[{"embeddable":true,"href":"https:\/\/www.guidepompei.com\/fr\/wp-json\/wp\/v2\/comments?post=84"}],"version-history":[{"count":1,"href":"https:\/\/www.guidepompei.com\/fr\/wp-json\/wp\/v2\/pages\/84\/revisions"}],"predecessor-version":[{"id":87,"href":"https:\/\/www.guidepompei.com\/fr\/wp-json\/wp\/v2\/pages\/84\/revisions\/87"}],"up":[{"embeddable":true,"href":"https:\/\/www.guidepompei.com\/fr\/wp-json\/wp\/v2\/pages\/74"}],"wp:attachment":[{"href":"https:\/\/www.guidepompei.com\/fr\/wp-json\/wp\/v2\/media?parent=84"}],"curies":[{"name":"wp","href":"https:\/\/api.w.org\/{rel}","templated":true}]}}