{"id":130,"date":"2013-06-26T13:27:47","date_gmt":"2013-06-26T13:27:47","guid":{"rendered":"http:\/\/www.guidepompei.com\/fr\/?page_id=130"},"modified":"2013-09-18T12:44:17","modified_gmt":"2013-09-18T12:44:17","slug":"pompei-vesuvio","status":"publish","type":"page","link":"https:\/\/www.guidepompei.com\/fr\/excursions\/pompei-vesuvio\/","title":{"rendered":"Pompei \u2013 Vesuvio"},"content":{"rendered":"","protected":false},"excerpt":{"rendered":"<p>Guide Pompei vous accompagne en visite \u00e0 Pomp\u00e9i et ensuite vous emm\u00e8ne voir le majestueux V\u00e9suve, pour un tour \u00e0 l\u2019enseigne de l&rsquo;aventure et du \u00abbien manger\u00bb<\/p>\n","protected":false},"author":1,"featured_media":0,"parent":103,"menu_order":0,"comment_status":"closed","ping_status":"closed","template":"template-escursioni.php","meta":{"_acf_changed":false,"_aioseo_title":"Excursion Pompei - V\u00e9suve","_aioseo_description":"Guide Pompei vous accompagne en visite \u00e0 Pomp\u00e9i et ensuite vous emm\u00e8ne voir le majestueux V\u00e9suve, pour un tour \u00e0 l\u2019enseigne de l'aventure et du \u00abbien manger\u00bb","footnotes":""},"class_list":["post-130","page","type-page","status-publish"],"acf":[],"_links":{"self":[{"href":"https:\/\/www.guidepompei.com\/fr\/wp-json\/wp\/v2\/pages\/130","targetHints":{"allow":["GET"]}}],"collection":[{"href":"https:\/\/www.guidepompei.com\/fr\/wp-json\/wp\/v2\/pages"}],"about":[{"href":"https:\/\/www.guidepompei.com\/fr\/wp-json\/wp\/v2\/types\/page"}],"author":[{"embeddable":true,"href":"https:\/\/www.guidepompei.com\/fr\/wp-json\/wp\/v2\/users\/1"}],"replies":[{"embeddable":true,"href":"https:\/\/www.guidepompei.com\/fr\/wp-json\/wp\/v2\/comments?post=130"}],"version-history":[{"count":2,"href":"https:\/\/www.guidepompei.com\/fr\/wp-json\/wp\/v2\/pages\/130\/revisions"}],"predecessor-version":[{"id":256,"href":"https:\/\/www.guidepompei.com\/fr\/wp-json\/wp\/v2\/pages\/130\/revisions\/256"}],"up":[{"embeddable":true,"href":"https:\/\/www.guidepompei.com\/fr\/wp-json\/wp\/v2\/pages\/103"}],"wp:attachment":[{"href":"https:\/\/www.guidepompei.com\/fr\/wp-json\/wp\/v2\/media?parent=130"}],"curies":[{"name":"wp","href":"https:\/\/api.w.org\/{rel}","templated":true}]}}