{"id":126,"date":"2013-06-26T13:22:12","date_gmt":"2013-06-26T13:22:12","guid":{"rendered":"http:\/\/www.guidepompei.com\/fr\/?page_id=126"},"modified":"2013-09-18T12:44:17","modified_gmt":"2013-09-18T12:44:17","slug":"cote-amalfitaine","status":"publish","type":"page","link":"https:\/\/www.guidepompei.com\/fr\/excursions\/cote-amalfitaine\/","title":{"rendered":"C\u00f4te Amalfitaine"},"content":{"rendered":"","protected":false},"excerpt":{"rendered":"<p>Amalfi, Positano, Ravello &#8230;La c\u00f4te amalfitaine a beaucoup \u00e0 vous offrir. D\u00e9couvrez-la avec les excursions et les tours de Guide Pomp\u00e9i.<\/p>\n","protected":false},"author":1,"featured_media":0,"parent":103,"menu_order":0,"comment_status":"closed","ping_status":"closed","template":"template-escursioni.php","meta":{"_acf_changed":false,"_aioseo_title":"Excursions sur la C\u00f4te Amalfitaine","_aioseo_description":"Amalfi, Positano, Ravello ...La c\u00f4te amalfitaine a beaucoup \u00e0 vous offrir. D\u00e9couvrez-la avec les excursions et les tours de Guide Pomp\u00e9i.","footnotes":""},"class_list":["post-126","page","type-page","status-publish"],"acf":[],"_links":{"self":[{"href":"https:\/\/www.guidepompei.com\/fr\/wp-json\/wp\/v2\/pages\/126","targetHints":{"allow":["GET"]}}],"collection":[{"href":"https:\/\/www.guidepompei.com\/fr\/wp-json\/wp\/v2\/pages"}],"about":[{"href":"https:\/\/www.guidepompei.com\/fr\/wp-json\/wp\/v2\/types\/page"}],"author":[{"embeddable":true,"href":"https:\/\/www.guidepompei.com\/fr\/wp-json\/wp\/v2\/users\/1"}],"replies":[{"embeddable":true,"href":"https:\/\/www.guidepompei.com\/fr\/wp-json\/wp\/v2\/comments?post=126"}],"version-history":[{"count":3,"href":"https:\/\/www.guidepompei.com\/fr\/wp-json\/wp\/v2\/pages\/126\/revisions"}],"predecessor-version":[{"id":255,"href":"https:\/\/www.guidepompei.com\/fr\/wp-json\/wp\/v2\/pages\/126\/revisions\/255"}],"up":[{"embeddable":true,"href":"https:\/\/www.guidepompei.com\/fr\/wp-json\/wp\/v2\/pages\/103"}],"wp:attachment":[{"href":"https:\/\/www.guidepompei.com\/fr\/wp-json\/wp\/v2\/media?parent=126"}],"curies":[{"name":"wp","href":"https:\/\/api.w.org\/{rel}","templated":true}]}}