{"id":105,"date":"2013-06-26T10:14:32","date_gmt":"2013-06-26T10:14:32","guid":{"rendered":"http:\/\/www.guidepompei.com\/fr\/?page_id=105"},"modified":"2018-09-08T05:49:52","modified_gmt":"2018-09-08T05:49:52","slug":"capri","status":"publish","type":"page","link":"https:\/\/www.guidepompei.com\/fr\/excursions\/capri\/","title":{"rendered":"Capri"},"content":{"rendered":"","protected":false},"excerpt":{"rendered":"<p>Choisissez Guide Pompei pour votre excursion \u00e0 Capri, vous verrez l\u2019\u00eele sous ses angles les plus fascinants et vous vivrez une journ\u00e9e plac\u00e9e sous le signe de la beaut\u00e9 absolue !<\/p>\n","protected":false},"author":1,"featured_media":0,"parent":103,"menu_order":0,"comment_status":"closed","ping_status":"closed","template":"template-escursioni.php","meta":{"_acf_changed":false,"_aioseo_title":"","_aioseo_description":"Choisissez Guide Pompei pour votre excursion \u00e0 Capri, vous verrez l\u2019\u00eele sous ses angles les plus fascinants et vous vivrez une journ\u00e9e plac\u00e9e sous le signe de la beaut\u00e9 absolue !","footnotes":""},"class_list":["post-105","page","type-page","status-publish"],"acf":[],"_links":{"self":[{"href":"https:\/\/www.guidepompei.com\/fr\/wp-json\/wp\/v2\/pages\/105","targetHints":{"allow":["GET"]}}],"collection":[{"href":"https:\/\/www.guidepompei.com\/fr\/wp-json\/wp\/v2\/pages"}],"about":[{"href":"https:\/\/www.guidepompei.com\/fr\/wp-json\/wp\/v2\/types\/page"}],"author":[{"embeddable":true,"href":"https:\/\/www.guidepompei.com\/fr\/wp-json\/wp\/v2\/users\/1"}],"replies":[{"embeddable":true,"href":"https:\/\/www.guidepompei.com\/fr\/wp-json\/wp\/v2\/comments?post=105"}],"version-history":[{"count":5,"href":"https:\/\/www.guidepompei.com\/fr\/wp-json\/wp\/v2\/pages\/105\/revisions"}],"predecessor-version":[{"id":382,"href":"https:\/\/www.guidepompei.com\/fr\/wp-json\/wp\/v2\/pages\/105\/revisions\/382"}],"up":[{"embeddable":true,"href":"https:\/\/www.guidepompei.com\/fr\/wp-json\/wp\/v2\/pages\/103"}],"wp:attachment":[{"href":"https:\/\/www.guidepompei.com\/fr\/wp-json\/wp\/v2\/media?parent=105"}],"curies":[{"name":"wp","href":"https:\/\/api.w.org\/{rel}","templated":true}]}}